{"id":9464,"date":"2022-03-03T03:21:50","date_gmt":"2022-03-03T02:21:50","guid":{"rendered":"http:\/\/relaunch2022.guttler.org\/service\/service-de-pieces-de-rechange\/"},"modified":"2024-10-22T10:01:38","modified_gmt":"2024-10-22T08:01:38","slug":"service-de-pieces-de-rechange","status":"publish","type":"page","link":"https:\/\/guttler.org\/fr\/service\/service-de-pieces-de-rechange\/","title":{"rendered":"Service de pi\u00e8ces de rechange"},"content":{"rendered":"\t\t<div data-elementor-type=\"wp-page\" data-elementor-id=\"9464\" class=\"elementor elementor-9464 elementor-5137\" data-elementor-post-type=\"page\">\n\t\t\t\t<div class=\"elementor-element elementor-element-a14c14f e-flex e-con-boxed e-con e-parent\" data-id=\"a14c14f\" data-element_type=\"container\">\n\t\t\t\t\t<div class=\"e-con-inner\">\n\t\t\t\t<div class=\"elementor-element elementor-element-09eb236 elementor-widget elementor-widget-woocommerce-breadcrumb\" data-id=\"09eb236\" data-element_type=\"widget\" data-widget_type=\"woocommerce-breadcrumb.default\">\n\t\t\t\t<div class=\"elementor-widget-container\">\n\t\t\t\t\t<nav class=\"woocommerce-breadcrumb\" aria-label=\"Breadcrumb\">Accueil<\/nav>\t\t\t\t<\/div>\n\t\t\t\t<\/div>\n\t\t\t\t\t<\/div>\n\t\t\t\t<\/div>\n\t\t\t\t<section class=\"elementor-section elementor-top-section elementor-element elementor-element-7c0e9146 elementor-section-content-middle elementor-section-stretched elementor-section-boxed elementor-section-height-default elementor-section-height-default\" data-id=\"7c0e9146\" data-element_type=\"section\" data-settings=\"{&quot;background_background&quot;:&quot;classic&quot;,&quot;stretch_section&quot;:&quot;section-stretched&quot;}\">\n\t\t\t\t\t\t<div class=\"elementor-container elementor-column-gap-no\">\n\t\t\t\t\t<div class=\"elementor-column elementor-col-100 elementor-top-column elementor-element elementor-element-6b829b13\" data-id=\"6b829b13\" data-element_type=\"column\">\n\t\t\t<div class=\"elementor-widget-wrap elementor-element-populated\">\n\t\t\t\t\t\t<div class=\"elementor-element elementor-element-331d055e elementor-widget elementor-widget-heading\" data-id=\"331d055e\" data-element_type=\"widget\" data-widget_type=\"heading.default\">\n\t\t\t\t<div class=\"elementor-widget-container\">\n\t\t\t\t\t<h3 class=\"elementor-heading-title elementor-size-default\">  Pi\u00e8ces de rechange et d'usure<\/h3>\t\t\t\t<\/div>\n\t\t\t\t<\/div>\n\t\t\t\t<div class=\"elementor-element elementor-element-2279913 elementor-widget elementor-widget-heading\" data-id=\"2279913\" data-element_type=\"widget\" data-widget_type=\"heading.default\">\n\t\t\t\t<div class=\"elementor-widget-container\">\n\t\t\t\t\t<h4 class=\"elementor-heading-title elementor-size-default\">  G\u00dcTTLER\u00ae Service de pi\u00e8ces d\u00e9tach\u00e9es  \n<\/h4>\t\t\t\t<\/div>\n\t\t\t\t<\/div>\n\t\t\t\t<div class=\"elementor-element elementor-element-410d0a01 elementor-widget elementor-widget-text-editor\" data-id=\"410d0a01\" data-element_type=\"widget\" data-widget_type=\"text-editor.default\">\n\t\t\t\t<div class=\"elementor-widget-container\">\n\t\t\t\t\t\t\t\t\t<div>\n<div>\n<div>\n<div>\n<div>\n<p>Nous offrons \u00e0 nos clients la possibilit\u00e9 de consulter les catalogues de pi\u00e8ces d\u00e9tach\u00e9es qu&rsquo;ils souhaitent directement sur notre portail de t\u00e9l\u00e9chargement.<\/p>\n<div><span style=\"color: #000000\"><strong>Vous \u00eates d\u00e9j\u00e0 enregistr\u00e9 chez nous et votre acc\u00e8s personnel \u00e0 notre portail de t\u00e9l\u00e9chargement prot\u00e9g\u00e9 a \u00e9t\u00e9 activ\u00e9 par nos soins ?<\/strong><br \/><\/span><\/div>\n<p><span style=\"color: #0000ff\"><a style=\"color: #0000ff\" href=\"https:\/\/sub.guttler.org\/de\/login\"><strong><span style=\"color: #ff0000\"><span style=\"color: #d9001a\">Cliquez ici pour vous inscrire directement sur le portail  &gt;&gt;&gt;<\/span><\/span><\/strong><\/a><\/span><\/p>\n<p><strong>Vous \u00eates revendeur et souhaitez obtenir un acc\u00e8s personnel \u00e0 notre portail de t\u00e9l\u00e9chargement ?<\/strong>  <span style=\"color: #d9001a\"><strong><a style=\"color: #d9001a\" href=\"https:\/\/sub.guttler.org\/de\/registrierung\">Cliquez ici pour vous inscrire  &gt;&gt;&gt; <\/a>  <\/strong><\/span><\/p>\n<p>Veuillez remplir le formulaire en entier &#8211; ainsi que votre num\u00e9ro de client G\u00fcttler. La confirmation par e-mail de votre acc\u00e8s personnel vous parviendra rapidement.<\/p>\n<div> <\/div>\n<\/div>\n<\/div>\n<\/div>\n<\/div>\n<\/div>\n<div>\n<div>\n<div>\n<div>\n<div>\n<p><span style=\"color: var( --e-global-color-secondary );background-color: var( --e-global-color-e88f8e7 );letter-spacing: 0px\">Si <strong>vous \u00eates un de nos clients finaux <\/strong>et que vous souhaitez passer une commande ou si vous avez des questions, veuillez vous adresser directement \u00e0 notre interlocuteur du service des pi\u00e8ces de rechange et d&rsquo;usure.<\/span><\/p>\n<\/div>\n<\/div>\n<\/div>\n<\/div>\n<\/div>\n\t\t\t\t\t\t\t\t<\/div>\n\t\t\t\t<\/div>\n\t\t\t\t<section class=\"elementor-section elementor-inner-section elementor-element elementor-element-683fc328 elementor-section-boxed elementor-section-height-default elementor-section-height-default\" data-id=\"683fc328\" data-element_type=\"section\">\n\t\t\t\t\t\t<div class=\"elementor-container elementor-column-gap-default\">\n\t\t\t\t\t<div class=\"elementor-column elementor-col-50 elementor-inner-column elementor-element elementor-element-3f394624\" data-id=\"3f394624\" data-element_type=\"column\">\n\t\t\t<div class=\"elementor-widget-wrap elementor-element-populated\">\n\t\t\t\t\t\t<div class=\"elementor-element elementor-element-3a1895e1 elementor-widget elementor-widget-text-editor\" data-id=\"3a1895e1\" data-element_type=\"widget\" data-widget_type=\"text-editor.default\">\n\t\t\t\t<div class=\"elementor-widget-container\">\n\t\t\t\t\t\t\t\t\t<p><span class=\"block-label\">T\u00e9l\u00e9phone <\/span>+33 3 90.20.82.03<br \/>WhatsApp +49 159 01374661<\/p>\n\t\t\t\t\t\t\t\t<\/div>\n\t\t\t\t<\/div>\n\t\t\t\t\t<\/div>\n\t\t<\/div>\n\t\t\t\t<div class=\"elementor-column elementor-col-50 elementor-inner-column elementor-element elementor-element-61553838\" data-id=\"61553838\" data-element_type=\"column\">\n\t\t\t<div class=\"elementor-widget-wrap elementor-element-populated\">\n\t\t\t\t\t\t<div class=\"elementor-element elementor-element-d8ffbc3 elementor-widget elementor-widget-text-editor\" data-id=\"d8ffbc3\" data-element_type=\"widget\" data-widget_type=\"text-editor.default\">\n\t\t\t\t<div class=\"elementor-widget-container\">\n\t\t\t\t\t\t\t\t\t<p>Veuillez adresser vos commandes \u00e0 : <strong><a title=\"En cliquant sur le lien, votre programme de messagerie s'ouvre.\" href=\"mailto:auftrag@guettler.de\">auftrag[at]guettler.de<\/a><\/strong><br \/>Veuillez adresser vos questions \u00e0 <strong> <a title=\"En cliquant sur le lien, votre programme de messagerie s'ouvre.\" href=\"mailto:service@guettler.de\">service[at]guettler.de<\/a> <\/strong><\/p>\n\t\t\t\t\t\t\t\t<\/div>\n\t\t\t\t<\/div>\n\t\t\t\t\t<\/div>\n\t\t<\/div>\n\t\t\t\t\t<\/div>\n\t\t<\/section>\n\t\t\t\t\t<\/div>\n\t\t<\/div>\n\t\t\t\t\t<\/div>\n\t\t<\/section>\n\t\t\t\t<\/div>\n\t\t","protected":false},"excerpt":{"rendered":"<p><span class=\"excerpt-hellip\"> [\u2026]<\/span><\/p>\n","protected":false},"author":1,"featured_media":0,"parent":9460,"menu_order":0,"comment_status":"closed","ping_status":"closed","template":"","meta":{"footnotes":""},"class_list":["post-9464","page","type-page","status-publish","hentry"],"_links":{"self":[{"href":"https:\/\/guttler.org\/fr\/wp-json\/wp\/v2\/pages\/9464","targetHints":{"allow":["GET"]}}],"collection":[{"href":"https:\/\/guttler.org\/fr\/wp-json\/wp\/v2\/pages"}],"about":[{"href":"https:\/\/guttler.org\/fr\/wp-json\/wp\/v2\/types\/page"}],"author":[{"embeddable":true,"href":"https:\/\/guttler.org\/fr\/wp-json\/wp\/v2\/users\/1"}],"replies":[{"embeddable":true,"href":"https:\/\/guttler.org\/fr\/wp-json\/wp\/v2\/comments?post=9464"}],"version-history":[{"count":10,"href":"https:\/\/guttler.org\/fr\/wp-json\/wp\/v2\/pages\/9464\/revisions"}],"predecessor-version":[{"id":26755,"href":"https:\/\/guttler.org\/fr\/wp-json\/wp\/v2\/pages\/9464\/revisions\/26755"}],"up":[{"embeddable":true,"href":"https:\/\/guttler.org\/fr\/wp-json\/wp\/v2\/pages\/9460"}],"wp:attachment":[{"href":"https:\/\/guttler.org\/fr\/wp-json\/wp\/v2\/media?parent=9464"}],"curies":[{"name":"wp","href":"https:\/\/api.w.org\/{rel}","templated":true}]}}