{"id":30126,"date":"2024-06-11T09:55:00","date_gmt":"2024-06-11T07:55:00","guid":{"rendered":"https:\/\/guttler.org\/conditions-de-participation\/"},"modified":"2025-05-16T12:20:19","modified_gmt":"2025-05-16T10:20:19","slug":"conditions-de-participation","status":"publish","type":"page","link":"https:\/\/guttler.org\/fr\/conditions-de-participation\/","title":{"rendered":"Conditions de participation"},"content":{"rendered":"\t\t<div data-elementor-type=\"wp-page\" data-elementor-id=\"30126\" class=\"elementor elementor-30126 elementor-23371\" data-elementor-post-type=\"page\">\n\t\t\t\t<div class=\"elementor-element elementor-element-7a78a71 e-flex e-con-boxed e-con e-parent\" data-id=\"7a78a71\" data-element_type=\"container\">\n\t\t\t\t\t<div class=\"e-con-inner\">\n\t\t\t\t<div class=\"elementor-element elementor-element-cc0802f elementor-widget-divider--view-line_text elementor-widget-divider--element-align-center elementor-widget elementor-widget-divider\" data-id=\"cc0802f\" data-element_type=\"widget\" data-widget_type=\"divider.default\">\n\t\t\t\t<div class=\"elementor-widget-container\">\n\t\t\t\t\t\t\t<div class=\"elementor-divider\">\n\t\t\t<span class=\"elementor-divider-separator\">\n\t\t\t\t\t\t\t<span class=\"elementor-divider__text elementor-divider__element\">\n\t\t\t\tConcours\t\t\t\t<\/span>\n\t\t\t\t\t\t<\/span>\n\t\t<\/div>\n\t\t\t\t\t\t<\/div>\n\t\t\t\t<\/div>\n\t\t\t\t\t<\/div>\n\t\t\t\t<\/div>\n\t\t<div class=\"elementor-element elementor-element-7f5fb73 e-flex e-con-boxed e-con e-parent\" data-id=\"7f5fb73\" data-element_type=\"container\">\n\t\t\t\t\t<div class=\"e-con-inner\">\n\t\t<div class=\"elementor-element elementor-element-618a9b2 e-con-full e-flex e-con e-child\" data-id=\"618a9b2\" data-element_type=\"container\" data-settings=\"{&quot;sticky&quot;:&quot;top&quot;,&quot;sticky_on&quot;:[&quot;desktop&quot;],&quot;sticky_offset&quot;:&quot;150&quot;,&quot;sticky_parent&quot;:&quot;yes&quot;,&quot;sticky_effects_offset&quot;:0,&quot;sticky_anchor_link_offset&quot;:0}\">\n\t\t\t\t<div class=\"elementor-element elementor-element-c4c7cc1 elementor-widget elementor-widget-heading\" data-id=\"c4c7cc1\" data-element_type=\"widget\" data-widget_type=\"heading.default\">\n\t\t\t\t<div class=\"elementor-widget-container\">\n\t\t\t\t\t<h1 class=\"elementor-heading-title elementor-size-default\">Conditions de participation<\/h1>\t\t\t\t<\/div>\n\t\t\t\t<\/div>\n\t\t\t\t<\/div>\n\t\t<div class=\"elementor-element elementor-element-436feff e-con-full e-flex e-con e-child\" data-id=\"436feff\" data-element_type=\"container\">\n\t\t\t\t<div class=\"elementor-element elementor-element-e729b3d elementor-widget elementor-widget-text-editor\" data-id=\"e729b3d\" data-element_type=\"widget\" data-widget_type=\"text-editor.default\">\n\t\t\t\t<div class=\"elementor-widget-container\">\n\t\t\t\t\t\t\t\t\t<div>\n<div dir=\"auto\" data-message-author-role=\"assistant\" data-message-id=\"2b4d4dd0-e725-4bec-8765-a7019b27bd65\">\n<p>Toute personne physique peut participer \u00e0 ce jeu. L&rsquo;\u00e2ge minimum est de 18 ans. Les entreprises, personnes morales ou assimil\u00e9es ne peuvent pas participer. Tous les employ\u00e9s de G\u00fcttler GmbH et leurs proches, ainsi que toutes les personnes directement ou indirectement impliqu\u00e9es dans l&rsquo;organisation, la planification ou l&rsquo;ex\u00e9cution du concours, sont exclus du concours.<\/p>\n<p>Chaque participant accepte qu&rsquo;en cas de gain, G\u00fcttler GmbH puisse, si n\u00e9cessaire, publier le pr\u00e9nom et le nom du participant sur Internet et, si n\u00e9cessaire, dans d&rsquo;autres publications (exemple : \u00ab XY, Ville, a gagn\u00e9 le prix suivant : xxx \u00bb).<\/p>\n<p>La fourniture des donn\u00e9es est volontaire Les donn\u00e9es fournies seront trait\u00e9es de mani\u00e8re confidentielle et conform\u00e9ment aux dispositions l\u00e9gales en mati\u00e8re de protection des donn\u00e9es. Chaque participant accepte d&rsquo;\u00eatre inform\u00e9 \u00e0 l&rsquo;avenir par courrier \u00e9lectronique des produits et services de G\u00fcttler GmbH, jusqu&rsquo;\u00e0 nouvel ordre.<\/p>\n<p>En participant \u00e0 ce concours, le participant accepte que ses informations et donn\u00e9es soient collect\u00e9es et stock\u00e9es \u00e9lectroniquement.<\/p>\n<\/div>\n<\/div>\n<div>\n<div>\n<div>\n<div> <\/div>\n<\/div>\n<\/div>\n<\/div>\n\t\t\t\t\t\t\t\t<\/div>\n\t\t\t\t<\/div>\n\t\t\t\t<\/div>\n\t\t\t\t\t<\/div>\n\t\t\t\t<\/div>\n\t\t<div class=\"elementor-element elementor-element-5157b37 elementor-hidden-desktop elementor-hidden-tablet elementor-hidden-mobile e-flex e-con-boxed e-con e-parent\" data-id=\"5157b37\" data-element_type=\"container\">\n\t\t\t\t\t<div class=\"e-con-inner\">\n\t\t<div class=\"elementor-element elementor-element-9c8a1d9 e-con-full e-flex e-con e-child\" data-id=\"9c8a1d9\" data-element_type=\"container\" data-settings=\"{&quot;sticky&quot;:&quot;top&quot;,&quot;sticky_on&quot;:[&quot;desktop&quot;],&quot;sticky_offset&quot;:&quot;150&quot;,&quot;sticky_parent&quot;:&quot;yes&quot;,&quot;sticky_effects_offset&quot;:0,&quot;sticky_anchor_link_offset&quot;:0}\">\n\t\t\t\t<div class=\"elementor-element elementor-element-7af62f6 elementor-widget elementor-widget-heading\" data-id=\"7af62f6\" data-element_type=\"widget\" data-widget_type=\"heading.default\">\n\t\t\t\t<div class=\"elementor-widget-container\">\n\t\t\t\t\t<h1 class=\"elementor-heading-title elementor-size-default\">Conditions de participation<\/h1>\t\t\t\t<\/div>\n\t\t\t\t<\/div>\n\t\t\t\t<div class=\"elementor-element elementor-element-af0f929 elementor-widget elementor-widget-heading\" data-id=\"af0f929\" data-element_type=\"widget\" data-widget_type=\"heading.default\">\n\t\t\t\t<div class=\"elementor-widget-container\">\n\t\t\t\t\t<h1 class=\"elementor-heading-title elementor-size-default\">Date limite de soumission : 22.07.2024. Tirage au sort : 25.07.2024. Un tirage au sort sera effectu\u00e9.<\/h1>\t\t\t\t<\/div>\n\t\t\t\t<\/div>\n\t\t\t\t<\/div>\n\t\t<div class=\"elementor-element elementor-element-1f589b9 e-con-full e-flex e-con e-child\" data-id=\"1f589b9\" data-element_type=\"container\">\n\t\t\t\t<div class=\"elementor-element elementor-element-1918975 elementor-widget elementor-widget-text-editor\" data-id=\"1918975\" data-element_type=\"widget\" data-widget_type=\"text-editor.default\">\n\t\t\t\t<div class=\"elementor-widget-container\">\n\t\t\t\t\t\t\t\t\t<div>\n<div dir=\"auto\" data-message-author-role=\"assistant\" data-message-id=\"2b4d4dd0-e725-4bec-8765-a7019b27bd65\">\n<div>\n<div>\n<p>Toute personne physique peut participer \u00e0 ce jeu. L&rsquo;\u00e2ge minimum est de 18 ans. Les entreprises, personnes morales ou similaires ne peuvent pas participer. Sont exclus du jeu-concours tous les employ\u00e9s de G\u00fcttler GmbH et leurs familles, ainsi que toutes les personnes impliqu\u00e9es directement ou indirectement dans l&rsquo;organisation, la planification ou le d\u00e9roulement du jeu-concours.<\/p>\n<p>Nous tirons au sort un <span style=\"font-family: Roboto, roboto;font-size: 16px;font-style: normal;font-weight: 300;color: var( --e-global-color-secondary );text-align: var(--text-align);letter-spacing: 0px\">G\u00dcTTLER\u00ae<\/span><span style=\"color: var( --e-global-color-secondary );text-align: var(--text-align);letter-spacing: 0px\"> Super Maxx\u00ae 60-7 pour toute une saison.<\/span><\/p>\n<p>Alternative possible : G\u00dcTTLER\u00ae GreenMaster 600, G\u00dcTTLER\u00ae Mayor 640 ou G\u00dcTTLER\u00ae Mediana 600.<\/p>\n<p>Les gagnants tir\u00e9s au sort seront annonc\u00e9s dans notre statut WhatsApp G\u00dcTTLER GmbH<i>(+49 1590 1211824) <\/i>et auront la possibilit\u00e9, apr\u00e8s avoir \u00e9t\u00e9 inform\u00e9s, de se manifester dans les 3 jours en indiquant leurs donn\u00e9es personnelles (nom, pr\u00e9nom, adresse postale, num\u00e9ro de t\u00e9l\u00e9phone et adresse e-mail).<\/p>\n<p>Si le gagnant averti ne se manifeste pas ou si les coordonn\u00e9es fournies sont fausses, erron\u00e9es ou non livrables, le tirage au sort sera r\u00e9p\u00e9t\u00e9 et un gagnant de remplacement sera d\u00e9sign\u00e9. Le paiement en esp\u00e8ces, la modification ou l&rsquo;\u00e9change des gains ne sont pas possibles. La cession d&rsquo;un gain \u00e0 un tiers est exclue. Tout recours juridique est exclu.<\/p>\n<p>Chaque participant accepte qu&rsquo;en cas de gain, G\u00fcttler GmbH puisse, si n\u00e9cessaire, publier le pr\u00e9nom et le nom du participant sur Internet et, le cas \u00e9ch\u00e9ant, dans d&rsquo;autres publications (exemple : \u00ab\u00a0X Y, ville, a gagn\u00e9 le prix suivant : xxx\u00a0\u00bb).<\/p>\n<p>Les donn\u00e9es fournies sont facultatives. Les donn\u00e9es fournies seront trait\u00e9es de mani\u00e8re confidentielle et conform\u00e9ment aux dispositions l\u00e9gales en mati\u00e8re de protection des donn\u00e9es. Chaque participant accepte d&rsquo;\u00eatre inform\u00e9 \u00e0 l&rsquo;avenir par e-mail, jusqu&rsquo;\u00e0 nouvel ordre, sur les produits et services de G\u00fcttler GmbH.<\/p>\n<p>En participant \u00e0 ce concours, j&rsquo;accepte que mes informations et donn\u00e9es soient collect\u00e9es et stock\u00e9es \u00e9lectroniquement.<\/p>\n<\/div>\n<\/div>\n<\/div>\n<\/div>\n<div>\n<div>\n<div>\n<div> <\/div>\n<div>\n<div> <\/div>\n<\/div>\n<\/div>\n<\/div>\n<\/div>\n\t\t\t\t\t\t\t\t<\/div>\n\t\t\t\t<\/div>\n\t\t\t\t<\/div>\n\t\t\t\t\t<\/div>\n\t\t\t\t<\/div>\n\t\t\t\t<\/div>\n\t\t","protected":false},"excerpt":{"rendered":"<p><span class=\"excerpt-hellip\"> [\u2026]<\/span><\/p>\n","protected":false},"author":1,"featured_media":0,"parent":0,"menu_order":0,"comment_status":"closed","ping_status":"closed","template":"","meta":{"footnotes":""},"class_list":["post-30126","page","type-page","status-publish","hentry"],"_links":{"self":[{"href":"https:\/\/guttler.org\/fr\/wp-json\/wp\/v2\/pages\/30126","targetHints":{"allow":["GET"]}}],"collection":[{"href":"https:\/\/guttler.org\/fr\/wp-json\/wp\/v2\/pages"}],"about":[{"href":"https:\/\/guttler.org\/fr\/wp-json\/wp\/v2\/types\/page"}],"author":[{"embeddable":true,"href":"https:\/\/guttler.org\/fr\/wp-json\/wp\/v2\/users\/1"}],"replies":[{"embeddable":true,"href":"https:\/\/guttler.org\/fr\/wp-json\/wp\/v2\/comments?post=30126"}],"version-history":[{"count":1,"href":"https:\/\/guttler.org\/fr\/wp-json\/wp\/v2\/pages\/30126\/revisions"}],"predecessor-version":[{"id":30127,"href":"https:\/\/guttler.org\/fr\/wp-json\/wp\/v2\/pages\/30126\/revisions\/30127"}],"wp:attachment":[{"href":"https:\/\/guttler.org\/fr\/wp-json\/wp\/v2\/media?parent=30126"}],"curies":[{"name":"wp","href":"https:\/\/api.w.org\/{rel}","templated":true}]}}