{"id":30020,"date":"2023-09-29T10:35:03","date_gmt":"2023-09-29T08:35:03","guid":{"rendered":"https:\/\/guttler.org\/transmis-avec-succes\/"},"modified":"2025-05-09T13:06:18","modified_gmt":"2025-05-09T11:06:18","slug":"transmis-avec-succes","status":"publish","type":"page","link":"https:\/\/guttler.org\/fr\/transmis-avec-succes\/","title":{"rendered":"transmis avec succ\u00e8s"},"content":{"rendered":"\t\t<div data-elementor-type=\"wp-page\" data-elementor-id=\"30020\" class=\"elementor elementor-30020 elementor-16620\" data-elementor-post-type=\"page\">\n\t\t\t\t\t\t<section class=\"elementor-section elementor-top-section elementor-element elementor-element-20d1a1e elementor-section-content-middle elementor-section-stretched elementor-section-boxed elementor-section-height-default elementor-section-height-default\" data-id=\"20d1a1e\" data-element_type=\"section\" data-settings=\"{&quot;background_background&quot;:&quot;classic&quot;,&quot;stretch_section&quot;:&quot;section-stretched&quot;}\">\n\t\t\t\t\t\t<div class=\"elementor-container elementor-column-gap-no\">\n\t\t\t\t\t<div class=\"elementor-column elementor-col-100 elementor-top-column elementor-element elementor-element-86d93e5\" data-id=\"86d93e5\" data-element_type=\"column\">\n\t\t\t<div class=\"elementor-widget-wrap elementor-element-populated\">\n\t\t\t\t\t\t<div class=\"elementor-element elementor-element-b5c06dc elementor-widget elementor-widget-heading\" data-id=\"b5c06dc\" data-element_type=\"widget\" data-widget_type=\"heading.default\">\n\t\t\t\t<div class=\"elementor-widget-container\">\n\t\t\t\t\t<h3 class=\"elementor-heading-title elementor-size-default\">Nous vous remercions de nous avoir contact\u00e9s !<\/h3>\t\t\t\t<\/div>\n\t\t\t\t<\/div>\n\t\t\t\t<div class=\"elementor-element elementor-element-d23043a elementor-widget elementor-widget-text-editor\" data-id=\"d23043a\" data-element_type=\"widget\" data-widget_type=\"text-editor.default\">\n\t\t\t\t<div class=\"elementor-widget-container\">\n\t\t\t\t\t\t\t\t\t<p>Cher client ,<\/p>\n<p>Votre message a \u00e9t\u00e9 transmis avec succ\u00e8s et nous l&rsquo;avons re\u00e7u.<\/p>\n<p>Nous appr\u00e9cions votre int\u00e9r\u00eat et nous vous contacterons d\u00e8s que possible. En attendant, n&rsquo;h\u00e9sitez pas \u00e0 parcourir notre site pour en savoir plus sur nos services et nos offres.<\/p>\n<p>Merci de nous avoir contact\u00e9s !<\/p>\n\t\t\t\t\t\t\t\t<\/div>\n\t\t\t\t<\/div>\n\t\t\t\t\t<\/div>\n\t\t<\/div>\n\t\t\t\t\t<\/div>\n\t\t<\/section>\n\t\t\t\t<\/div>\n\t\t","protected":false},"excerpt":{"rendered":"<p><span class=\"excerpt-hellip\"> [\u2026]<\/span><\/p>\n","protected":false},"author":1,"featured_media":0,"parent":0,"menu_order":0,"comment_status":"closed","ping_status":"closed","template":"","meta":{"footnotes":""},"class_list":["post-30020","page","type-page","status-publish","hentry"],"_links":{"self":[{"href":"https:\/\/guttler.org\/fr\/wp-json\/wp\/v2\/pages\/30020","targetHints":{"allow":["GET"]}}],"collection":[{"href":"https:\/\/guttler.org\/fr\/wp-json\/wp\/v2\/pages"}],"about":[{"href":"https:\/\/guttler.org\/fr\/wp-json\/wp\/v2\/types\/page"}],"author":[{"embeddable":true,"href":"https:\/\/guttler.org\/fr\/wp-json\/wp\/v2\/users\/1"}],"replies":[{"embeddable":true,"href":"https:\/\/guttler.org\/fr\/wp-json\/wp\/v2\/comments?post=30020"}],"version-history":[{"count":5,"href":"https:\/\/guttler.org\/fr\/wp-json\/wp\/v2\/pages\/30020\/revisions"}],"predecessor-version":[{"id":30029,"href":"https:\/\/guttler.org\/fr\/wp-json\/wp\/v2\/pages\/30020\/revisions\/30029"}],"wp:attachment":[{"href":"https:\/\/guttler.org\/fr\/wp-json\/wp\/v2\/media?parent=30020"}],"curies":[{"name":"wp","href":"https:\/\/api.w.org\/{rel}","templated":true}]}}