{"id":13196,"date":"2022-12-21T12:33:50","date_gmt":"2022-12-21T11:33:50","guid":{"rendered":"https:\/\/guttler.org\/dates\/"},"modified":"2025-08-27T09:24:38","modified_gmt":"2025-08-27T07:24:38","slug":"dates","status":"publish","type":"page","link":"https:\/\/guttler.org\/fr\/dates\/","title":{"rendered":"Dates"},"content":{"rendered":"\t\t<div data-elementor-type=\"wp-page\" data-elementor-id=\"13196\" class=\"elementor elementor-13196 elementor-12236\" data-elementor-post-type=\"page\">\n\t\t\t\t\t\t<section class=\"elementor-section elementor-top-section elementor-element elementor-element-2eaddd7c elementor-section-height-min-height elementor-section-content-middle elementor-section-stretched elementor-hidden-tablet elementor-hidden-mobile elementor-hidden-desktop elementor-section-boxed elementor-section-height-default elementor-section-items-middle\" data-id=\"2eaddd7c\" data-element_type=\"section\" data-settings=\"{&quot;background_background&quot;:&quot;classic&quot;,&quot;stretch_section&quot;:&quot;section-stretched&quot;}\">\n\t\t\t\t\t\t\t<div class=\"elementor-background-overlay\"><\/div>\n\t\t\t\t\t\t\t<div class=\"elementor-container elementor-column-gap-no\">\n\t\t\t\t\t<div class=\"elementor-column elementor-col-100 elementor-top-column elementor-element elementor-element-15258676\" data-id=\"15258676\" data-element_type=\"column\">\n\t\t\t<div class=\"elementor-widget-wrap elementor-element-populated\">\n\t\t\t\t\t\t<div class=\"elementor-element elementor-element-b1d75e0 elementor-hidden-desktop elementor-hidden-tablet elementor-hidden-mobile elementor-countdown--label-block elementor-widget elementor-widget-countdown\" data-id=\"b1d75e0\" data-element_type=\"widget\" data-widget_type=\"countdown.default\">\n\t\t\t\t<div class=\"elementor-widget-container\">\n\t\t\t\t\t\t\t<div class=\"elementor-countdown-wrapper\" data-date=\"1672232400\">\n\t\t\t<div class=\"elementor-countdown-item\"><span class=\"elementor-countdown-digits elementor-countdown-days\"><\/span> <span class=\"elementor-countdown-label\">Jours<\/span><\/div><div class=\"elementor-countdown-item\"><span class=\"elementor-countdown-digits elementor-countdown-hours\"><\/span> <span class=\"elementor-countdown-label\">Heures<\/span><\/div><div class=\"elementor-countdown-item\"><span class=\"elementor-countdown-digits elementor-countdown-minutes\"><\/span> <span class=\"elementor-countdown-label\">Minutes<\/span><\/div><div class=\"elementor-countdown-item\"><span class=\"elementor-countdown-digits elementor-countdown-seconds\"><\/span> <span class=\"elementor-countdown-label\">Secondes<\/span><\/div>\t\t<\/div>\n\t\t\t\t\t\t<\/div>\n\t\t\t\t<\/div>\n\t\t\t\t<div class=\"elementor-element elementor-element-1460faed elementor-hidden-desktop elementor-hidden-tablet elementor-hidden-mobile elementor-widget elementor-widget-heading\" data-id=\"1460faed\" data-element_type=\"widget\" data-widget_type=\"heading.default\">\n\t\t\t\t<div class=\"elementor-widget-container\">\n\t\t\t\t\t<h2 class=\"elementor-heading-title elementor-size-default\">Webinaire G\u00dcTTLER<\/h2>\t\t\t\t<\/div>\n\t\t\t\t<\/div>\n\t\t\t\t<div class=\"elementor-element elementor-element-8712ebd elementor-widget elementor-widget-heading\" data-id=\"8712ebd\" data-element_type=\"widget\" data-widget_type=\"heading.default\">\n\t\t\t\t<div class=\"elementor-widget-container\">\n\t\t\t\t\t<h2 class=\"elementor-heading-title elementor-size-default\">Th\u00e8me : <b>Gestion des cultures interm\u00e9diaires et des prairies<\/b><\/h2>\t\t\t\t<\/div>\n\t\t\t\t<\/div>\n\t\t\t\t<section class=\"elementor-section elementor-inner-section elementor-element elementor-element-427fb99c elementor-section-boxed elementor-section-height-default elementor-section-height-default\" data-id=\"427fb99c\" data-element_type=\"section\">\n\t\t\t\t\t\t<div class=\"elementor-container elementor-column-gap-default\">\n\t\t\t\t\t<div class=\"elementor-column elementor-col-50 elementor-inner-column elementor-element elementor-element-471d21d4\" data-id=\"471d21d4\" data-element_type=\"column\">\n\t\t\t<div class=\"elementor-widget-wrap elementor-element-populated\">\n\t\t\t\t\t\t<div class=\"elementor-element elementor-element-5a7d2eda elementor-view-stacked elementor-position-left elementor-shape-circle elementor-mobile-position-top elementor-vertical-align-top elementor-widget elementor-widget-icon-box\" data-id=\"5a7d2eda\" data-element_type=\"widget\" data-widget_type=\"icon-box.default\">\n\t\t\t\t<div class=\"elementor-widget-container\">\n\t\t\t\t\t\t\t<div class=\"elementor-icon-box-wrapper\">\n\n\t\t\t\t\t\t<div class=\"elementor-icon-box-icon\">\n\t\t\t\t<span  class=\"elementor-icon elementor-animation-grow\">\n\t\t\t\t<i aria-hidden=\"true\" class=\"far fa-calendar-alt\"><\/i>\t\t\t\t<\/span>\n\t\t\t<\/div>\n\t\t\t\n\t\t\t\t\t\t<div class=\"elementor-icon-box-content\">\n\n\t\t\t\t\t\t\t\t\t<h3 class=\"elementor-icon-box-title\">\n\t\t\t\t\t\t<span  >\n\t\t\t\t\t\t\tRendez-vous\t\t\t\t\t\t<\/span>\n\t\t\t\t\t<\/h3>\n\t\t\t\t\n\t\t\t\t\t\t\t\t\t<p class=\"elementor-icon-box-description\">\n\t\t\t\t\t\t28.12.2022 \u00e0 partir de 14 heures  \t\t\t\t\t<\/p>\n\t\t\t\t\n\t\t\t<\/div>\n\t\t\t\n\t\t<\/div>\n\t\t\t\t\t\t<\/div>\n\t\t\t\t<\/div>\n\t\t\t\t\t<\/div>\n\t\t<\/div>\n\t\t\t\t<div class=\"elementor-column elementor-col-50 elementor-inner-column elementor-element elementor-element-17143b89\" data-id=\"17143b89\" data-element_type=\"column\">\n\t\t\t<div class=\"elementor-widget-wrap elementor-element-populated\">\n\t\t\t\t\t\t<div class=\"elementor-element elementor-element-2fac3d99 elementor-view-stacked elementor-position-left elementor-shape-circle elementor-mobile-position-top elementor-vertical-align-top elementor-widget elementor-widget-icon-box\" data-id=\"2fac3d99\" data-element_type=\"widget\" data-widget_type=\"icon-box.default\">\n\t\t\t\t<div class=\"elementor-widget-container\">\n\t\t\t\t\t\t\t<div class=\"elementor-icon-box-wrapper\">\n\n\t\t\t\t\t\t<div class=\"elementor-icon-box-icon\">\n\t\t\t\t<a href=\"http:\/\/zoom.us\/join\" target=\"_blank\" rel=\"nofollow\" class=\"elementor-icon elementor-animation-grow\" tabindex=\"-1\" aria-label=\"Donn\u00e9es d&#039;acc\u00e8s : zoom.us\/join\">\n\t\t\t\t<i aria-hidden=\"true\" class=\"fas fa-link\"><\/i>\t\t\t\t<\/a>\n\t\t\t<\/div>\n\t\t\t\n\t\t\t\t\t\t<div class=\"elementor-icon-box-content\">\n\n\t\t\t\t\t\t\t\t\t<h3 class=\"elementor-icon-box-title\">\n\t\t\t\t\t\t<a href=\"http:\/\/zoom.us\/join\" target=\"_blank\" rel=\"nofollow\" >\n\t\t\t\t\t\t\tDonn\u00e9es d'acc\u00e8s : zoom.us\/join\t\t\t\t\t\t<\/a>\n\t\t\t\t\t<\/h3>\n\t\t\t\t\n\t\t\t\t\t\t\t\t\t<p class=\"elementor-icon-box-description\">\n\t\t\t\t\t\tID de la r\u00e9union : 411 250 6825\nCode d'identification : 0000\n\t\t\t\t\t<\/p>\n\t\t\t\t\n\t\t\t<\/div>\n\t\t\t\n\t\t<\/div>\n\t\t\t\t\t\t<\/div>\n\t\t\t\t<\/div>\n\t\t\t\t\t<\/div>\n\t\t<\/div>\n\t\t\t\t\t<\/div>\n\t\t<\/section>\n\t\t\t\t<div class=\"elementor-element elementor-element-4c99100c elementor-widget elementor-widget-text-editor\" data-id=\"4c99100c\" data-element_type=\"widget\" data-widget_type=\"text-editor.default\">\n\t\t\t\t<div class=\"elementor-widget-container\">\n\t\t\t\t\t\t\t\t\t<p><strong>Avec Hans G\u00fcttler et l&rsquo;expert de BayWa Hans Koch.<\/strong><\/p>\n<p>Nos experts &#8211; Hans Koch (BayWa) et d&rsquo;autres invit\u00e9s font le point :  <\/p>\n<p>&#8211; Les d\u00e9fis de la PAC 23 &#8211;<\/p>\n<p>&#8211; Pr\u00e9paration du lit de semences apr\u00e8s les cultures interm\u00e9diaires sans glyphosate ? &#8211;<\/p>\n<p>&#8211; R\u00e9g\u00e9n\u00e9ration des gazons d\u00e9g\u00e9n\u00e9r\u00e9s, sans retournement et sans glyphosate. &#8211;<\/p>\n<p><strong>Dans la discussion qui suit : r\u00e9ponse \u00e0 vos questions.<\/strong><\/p>\n\t\t\t\t\t\t\t\t<\/div>\n\t\t\t\t<\/div>\n\t\t\t\t<div class=\"elementor-element elementor-element-b533e4b elementor-widget-divider--view-line_text elementor-hidden-desktop elementor-hidden-tablet elementor-hidden-mobile elementor-widget-divider--element-align-center elementor-widget elementor-widget-divider\" data-id=\"b533e4b\" data-element_type=\"widget\" data-widget_type=\"divider.default\">\n\t\t\t\t<div class=\"elementor-widget-container\">\n\t\t\t\t\t\t\t<div class=\"elementor-divider\">\n\t\t\t<span class=\"elementor-divider-separator\">\n\t\t\t\t\t\t\t<h3 class=\"elementor-divider__text elementor-divider__element\">\n\t\t\t\tS'INSCRIRE GRATUITEMENT MAINTENANT\t\t\t\t<\/h3>\n\t\t\t\t\t\t<\/span>\n\t\t<\/div>\n\t\t\t\t\t\t<\/div>\n\t\t\t\t<\/div>\n\t\t\t\t<div class=\"elementor-element elementor-element-32e0b5ab elementor-button-align-end elementor-mobile-button-align-center elementor-hidden-desktop elementor-hidden-tablet elementor-hidden-mobile elementor-widget elementor-widget-form\" data-id=\"32e0b5ab\" data-element_type=\"widget\" data-settings=\"{&quot;step_next_label&quot;:&quot;continuer&quot;,&quot;step_previous_label&quot;:&quot;retour&quot;,&quot;button_width&quot;:&quot;100&quot;,&quot;step_type&quot;:&quot;number_text&quot;,&quot;step_icon_shape&quot;:&quot;circle&quot;}\" data-widget_type=\"form.default\">\n\t\t\t\t<div class=\"elementor-widget-container\">\n\t\t\t\t\t\t\t<form class=\"elementor-form\" method=\"post\" name=\"Formulaire d&#039;inscription au webinaire\" aria-label=\"Formulaire d&#039;inscription au webinaire\">\n\t\t\t<input type=\"hidden\" name=\"post_id\" value=\"13196\"\/>\n\t\t\t<input type=\"hidden\" name=\"form_id\" value=\"32e0b5ab\"\/>\n\t\t\t<input type=\"hidden\" name=\"referer_title\" value=\"\" \/>\n\n\t\t\t\n\t\t\t<div class=\"elementor-form-fields-wrapper elementor-labels-above\">\n\t\t\t\t\t\t\t\t<div class=\"elementor-field-type-email elementor-field-group elementor-column elementor-field-group-field_590fe9e elementor-col-100 elementor-field-required\">\n\t\t\t\t\t\t\t\t\t\t\t\t<label for=\"form-field-field_590fe9e\" class=\"elementor-field-label\">\n\t\t\t\t\t\t\t\tE-mail*\t\t\t\t\t\t\t<\/label>\n\t\t\t\t\t\t\t\t\t\t\t\t\t\t<input size=\"1\" type=\"email\" name=\"form_fields[field_590fe9e]\" id=\"form-field-field_590fe9e\" class=\"elementor-field elementor-size-sm  elementor-field-textual\" required=\"required\">\n\t\t\t\t\t\t\t\t\t\t\t<\/div>\n\t\t\t\t\t\t\t\t<div class=\"elementor-field-type-text\">\n\t\t\t\t\t<input size=\"1\" type=\"text\" name=\"form_fields[field_67e5add]\" id=\"form-field-field_67e5add\" class=\"elementor-field elementor-size-sm \" style=\"display:none !important;\">\t\t\t\t<\/div>\n\t\t\t\t\t\t\t\t<div class=\"elementor-field-type-acceptance elementor-field-group elementor-column elementor-field-group-field_038fe4d elementor-col-100 elementor-field-required\">\n\t\t\t\t\t\t\t\t\t\t\t\t<label for=\"form-field-field_038fe4d\" class=\"elementor-field-label\">\n\t\t\t\t\t\t\t\tConsentement \u00e0 la protection des donn\u00e9es :*\t\t\t\t\t\t\t<\/label>\n\t\t\t\t\t\t\t\t<div class=\"elementor-field-subgroup\">\n\t\t\t<span class=\"elementor-field-option\">\n\t\t\t\t<input type=\"checkbox\" name=\"form_fields[field_038fe4d]\" id=\"form-field-field_038fe4d\" class=\"elementor-field elementor-size-sm  elementor-acceptance-field\" required=\"required\">\n\t\t\t\t<label for=\"form-field-field_038fe4d\">La soci\u00e9t\u00e9 G\u00fcttler GmbH garantit que toutes les donn\u00e9es personnelles fournies dans le cadre du traitement et de l'enregistrement de votre demande ne seront utilis\u00e9es qu'\u00e0 des fins commerciales et pour pr\u00e9server ses propres int\u00e9r\u00eats commerciaux. Formulaire : Texte d'acceptation \nLes donn\u00e9es enregistr\u00e9es sont utilis\u00e9es pour concevoir une offre adapt\u00e9e aux besoins.\nLes donn\u00e9es personnelles ne sont en aucun cas vendues ou transmises \u00e0 des tiers \u00e0 des fins publicitaires.\n<a href=\"https:\/\/guttler.org\/datenschutzerklaerung\/\">Les informations sur la protection des donn\u00e9es peuvent \u00eatre consult\u00e9es ici.<\/a><\/label>\t\t\t<\/span>\n\t\t<\/div>\n\t\t\t\t\t\t<\/div>\n\t\t\t\t\t\t\t\t<div class=\"elementor-field-type-acceptance elementor-field-group elementor-column elementor-field-group-field_5f71eb6 elementor-col-100\">\n\t\t\t\t\t\t\t\t\t\t\t\t<label for=\"form-field-field_5f71eb6\" class=\"elementor-field-label\">\n\t\t\t\t\t\t\t\tJe souhaite recevoir la newsletter G\u00dcTTLER :\t\t\t\t\t\t\t<\/label>\n\t\t\t\t\t\t\t\t<div class=\"elementor-field-subgroup\">\n\t\t\t<span class=\"elementor-field-option\">\n\t\t\t\t<input type=\"checkbox\" name=\"form_fields[field_5f71eb6]\" id=\"form-field-field_5f71eb6\" class=\"elementor-field elementor-size-sm  elementor-acceptance-field\">\n\t\t\t\t<label for=\"form-field-field_5f71eb6\">J'accepte la <a href=\"https:\/\/guttler.org\/datenschutzerklaerung\/\">politique de confidentialit\u00e9<\/a> de G\u00dcTTLER GmbH. Vous pouvez vous d\u00e9sabonner de notre newsletter \u00e0 tout moment et sans frais.<\/label>\t\t\t<\/span>\n\t\t<\/div>\n\t\t\t\t\t\t<\/div>\n\t\t\t\t\t\t\t\t<div class=\"elementor-field-type-recaptcha elementor-field-group elementor-column elementor-field-group-field_9dc2d27 elementor-col-100\">\n\t\t\t\t\t<div class=\"elementor-field\" id=\"form-field-field_9dc2d27\"><div class=\"elementor-g-recaptcha\" data-sitekey=\"6Lc1SI8jAAAAAPRbN9INQachIRibOpjCSGTtC8P2\" data-type=\"v2_checkbox\" data-theme=\"light\" data-size=\"normal\"><\/div><\/div>\t\t\t\t<\/div>\n\t\t\t\t\t\t\t\t<div class=\"elementor-field-group elementor-column elementor-field-type-submit elementor-col-100 e-form__buttons\">\n\t\t\t\t\t<button class=\"elementor-button elementor-size-md\" type=\"submit\">\n\t\t\t\t\t\t<span class=\"elementor-button-content-wrapper\">\n\t\t\t\t\t\t\t\t\t\t\t\t\t\t\t\t\t\t\t\t\t\t<span class=\"elementor-button-text\">Envoyer<\/span>\n\t\t\t\t\t\t\t\t\t\t\t\t\t<\/span>\n\t\t\t\t\t<\/button>\n\t\t\t\t<\/div>\n\t\t\t<\/div>\n\t\t<\/form>\n\t\t\t\t\t\t<\/div>\n\t\t\t\t<\/div>\n\t\t\t\t\t<\/div>\n\t\t<\/div>\n\t\t\t\t\t<\/div>\n\t\t<\/section>\n\t\t<div class=\"elementor-element elementor-element-15ed90fc e-flex e-con-boxed e-con e-parent\" data-id=\"15ed90fc\" data-element_type=\"container\" data-settings=\"{&quot;background_background&quot;:&quot;gradient&quot;}\">\n\t\t\t\t\t<div class=\"e-con-inner\">\n\t\t<div class=\"elementor-element elementor-element-69bf71d7 e-con-full e-flex e-con e-child\" data-id=\"69bf71d7\" data-element_type=\"container\">\n\t\t\t\t<div class=\"elementor-element elementor-element-4aa9140 elementor-widget elementor-widget-heading\" data-id=\"4aa9140\" data-element_type=\"widget\" data-widget_type=\"heading.default\">\n\t\t\t\t<div class=\"elementor-widget-container\">\n\t\t\t\t\t<h1 class=\"elementor-heading-title elementor-size-xl\">G\u00dcTTLER\u00ae : Calendrier des rendez-vous<\/h1>\t\t\t\t<\/div>\n\t\t\t\t<\/div>\n\t\t\t\t<div class=\"elementor-element elementor-element-0d29504 elementor-widget elementor-widget-text-editor\" data-id=\"0d29504\" data-element_type=\"widget\" data-widget_type=\"text-editor.default\">\n\t\t\t\t<div class=\"elementor-widget-container\">\n\t\t\t\t\t\t\t\t\t<p>Quand et o\u00f9 pouvez-vous rencontrer les collaborateurs de G\u00fcttler la prochaine fois ? Nous vous informons ici des prochaines possibilit\u00e9s de nous rencontrer lors d&rsquo;un salon, d&rsquo;une exposition sp\u00e9cialis\u00e9e, de la prochaine journ\u00e9e sur le terrain ou d&rsquo;un autre \u00e9v\u00e9nement.  <\/p>\n<p>Vous souhaitez nous contacter en dehors de ces \u00e9v\u00e9nements ? Appelez-nous ou envoyez-nous un e-mail \u00e0 <a href=\"mailto:info@guttler.fr\">info [at] guttler.fr<\/a>.<\/p>\n<p>Nous nous r\u00e9jouissons de votre message.<\/p>\n<p>Votre \u00e9quipe G\u00fcttler<\/p>\n\t\t\t\t\t\t\t\t<\/div>\n\t\t\t\t<\/div>\n\t\t\t\t<\/div>\n\t\t\t\t\t<\/div>\n\t\t\t\t<\/div>\n\t\t<div class=\"elementor-element elementor-element-5a9f649 e-flex e-con-boxed e-con e-parent\" data-id=\"5a9f649\" data-element_type=\"container\">\n\t\t\t\t\t<div class=\"e-con-inner\">\n\t\t\t\t<div class=\"elementor-element elementor-element-83b97e9 elementor-widget elementor-widget-spacer\" data-id=\"83b97e9\" data-element_type=\"widget\" data-widget_type=\"spacer.default\">\n\t\t\t\t<div class=\"elementor-widget-container\">\n\t\t\t\t\t\t\t<div class=\"elementor-spacer\">\n\t\t\t<div class=\"elementor-spacer-inner\"><\/div>\n\t\t<\/div>\n\t\t\t\t\t\t<\/div>\n\t\t\t\t<\/div>\n\t\t\t\t<div class=\"elementor-element elementor-element-3b656dc elementor-widget elementor-widget-heading\" data-id=\"3b656dc\" data-element_type=\"widget\" data-widget_type=\"heading.default\">\n\t\t\t\t<div class=\"elementor-widget-container\">\n\t\t\t\t\t<h2 class=\"elementor-heading-title elementor-size-large\">Exposition:<\/h2>\t\t\t\t<\/div>\n\t\t\t\t<\/div>\n\t\t\t\t\t<\/div>\n\t\t\t\t<\/div>\n\t\t<div class=\"elementor-element elementor-element-2009f65 e-flex e-con-boxed e-con e-parent\" data-id=\"2009f65\" data-element_type=\"container\">\n\t\t\t\t\t<div class=\"e-con-inner\">\n\t\t\t\t<div class=\"elementor-element elementor-element-7b81a15 elementor-widget elementor-widget-toggle\" data-id=\"7b81a15\" data-element_type=\"widget\" data-widget_type=\"toggle.default\">\n\t\t\t\t<div class=\"elementor-widget-container\">\n\t\t\t\t\t\t\t<div class=\"elementor-toggle\">\n\t\t\t\t\t\t\t<div class=\"elementor-toggle-item\">\n\t\t\t\t\t<div id=\"elementor-tab-title-1291\" class=\"elementor-tab-title\" data-tab=\"1\" role=\"button\" aria-controls=\"elementor-tab-content-1291\" aria-expanded=\"false\">\n\t\t\t\t\t\t\t\t\t\t\t\t<span class=\"elementor-toggle-icon elementor-toggle-icon-left\" aria-hidden=\"true\">\n\t\t\t\t\t\t\t\t\t\t\t\t\t\t\t<span class=\"elementor-toggle-icon-closed\"><i class=\"fas fa-angle-down\"><\/i><\/span>\n\t\t\t\t\t\t\t\t<span class=\"elementor-toggle-icon-opened\"><i class=\"elementor-toggle-icon-opened fas fa-angle-up\"><\/i><\/span>\n\t\t\t\t\t\t\t\t\t\t\t\t\t<\/span>\n\t\t\t\t\t\t\t\t\t\t\t\t<a class=\"elementor-toggle-title\" tabindex=\"0\">02.09. - 04.09.2025 INNOV-AGRI 2025, Outarvile (45 Loiret)FR<\/a>\n\t\t\t\t\t<\/div>\n\n\t\t\t\t\t<div id=\"elementor-tab-content-1291\" class=\"elementor-tab-content elementor-clearfix\" data-tab=\"1\" role=\"region\" aria-labelledby=\"elementor-tab-title-1291\"><p><a href=\"https:\/\/guttler.org\/wp-content\/uploads\/2025\/02\/Comm-foires-FB-.jpg\"><img fetchpriority=\"high\" decoding=\"async\" class=\"alignnone wp-image-29331 size-medium\" src=\"https:\/\/guttler.org\/wp-content\/uploads\/2025\/02\/Comm-foires-FB--300x240.jpg\" alt=\"\" width=\"300\" height=\"240\" srcset=\"https:\/\/guttler.org\/wp-content\/uploads\/2025\/02\/Comm-foires-FB--300x240.jpg 300w, https:\/\/guttler.org\/wp-content\/uploads\/2025\/02\/Comm-foires-FB--94x75.jpg 94w, https:\/\/guttler.org\/wp-content\/uploads\/2025\/02\/Comm-foires-FB-.jpg 400w\" sizes=\"(max-width:767px) 300px, 300px\" \/><\/a> <a href=\"https:\/\/guttler.org\/wp-content\/uploads\/2025\/02\/Comm-foires-FB.jpg\"><img decoding=\"async\" class=\"alignnone wp-image-29336 size-medium\" src=\"https:\/\/guttler.org\/wp-content\/uploads\/2025\/02\/Comm-foires-FB-300x240.jpg\" alt=\"\" width=\"300\" height=\"240\" srcset=\"https:\/\/guttler.org\/wp-content\/uploads\/2025\/02\/Comm-foires-FB-300x240.jpg 300w, https:\/\/guttler.org\/wp-content\/uploads\/2025\/02\/Comm-foires-FB-94x75.jpg 94w, https:\/\/guttler.org\/wp-content\/uploads\/2025\/02\/Comm-foires-FB.jpg 500w\" sizes=\"(max-width:767px) 300px, 300px\" \/><\/a><\/p><p>Info: Monsieur Tonglet +33\u00a0 03 90 20 82 03<\/p><p>\ud83c\udf3e INNOV-AGRI 2025 : L\u2019innovation agricole en action ! \ud83c\udf3e<\/p><p>\ud83d\udcc5 Cette ann\u00e9e, nous avons le plaisir d\u2019annoncer notre pr\u00e9sence \u00e0 INNOV-AGRI 2025, l\u2019un des plus grands salons de plein champ en France d\u00e9di\u00e9 au machinisme et aux nouvelles technologies agricoles. Cet \u00e9v\u00e9nement est une v\u00e9ritable vitrine des innovations du secteur, avec des d\u00e9monstrations en conditions r\u00e9elles et des \u00e9changes entre agriculteurs, constructeurs et experts. \ud83d\ude9c<\/p><p>\ud83d\udd0e NOUVEAUT\u00c9 : Le rouleau \u00e9mietteur pour SuperMaxx\u00ae BIO<\/p><p>Chez G\u00fcttler\u00ae, nous repoussons sans cesse les limites de l\u2019innovation pour optimiser le travail du sol. C\u2019est pourquoi nous enrichissons la gamme SuperMaxx\u00ae BIO avec un nouvel \u00e9quipement : le rouleau \u00e9mietteur.<\/p><p>\u00a0Pourquoi cette innovation ?<\/p><p>\u2705 Une am\u00e9lioration continue du SuperMaxx\u00ae BIO : d\u00e9j\u00e0 reconnu pour son efficacit\u00e9, il se dote d\u2019un rouleau \u00e9mietteur qui perfectionne encore davantage la structure du sol.<\/p><p>\u2705 Optimisation du lit de semences pour une germination id\u00e9ale.<\/p><p>\u2705 R\u00e9duction de l\u2019effort des outils suivants (herse rotative, autres \u00e9quipements), diminuant l\u2019usure et les co\u00fbts d\u2019entretien.<\/p><p>\u2705 Polyvalence et modularit\u00e9 : compatible avec les mod\u00e8les SuperMaxx\u00ae BIO de 3 \u00e0 7m, avec des configurations adapt\u00e9es aux diff\u00e9rents besoins agronomiques.<\/p><p>Merci \u00e0 Terre-Net et la France Agricole pour le partage de notre nouveaut\u00e9 !<\/p><p><a href=\"https:\/\/www.terre-net.fr\/dechaumeur\/article\/878179\/guttler-emiette-le-lit-de-semence-facon-biscotte\">https:\/\/www.terre-net.fr\/dechaumeur\/article\/878179\/guttler-emiette-le-lit-de-semence-facon-biscotte<\/a><\/p><p><a href=\"https:\/\/www.lafranceagricole.fr\/autres-marques\/article\/878178\/guttler-adapte-un-rouleau-emietteur-sur-son-vibroculteur\">https:\/\/www.lafranceagricole.fr\/autres-marques\/article\/878178\/guttler-adapte-un-rouleau-emietteur-sur-son-vibroculteur<\/a><\/p><p>\ud83d\udccd Retrouvons-nous \u00e0 INNOV-AGRI 2025 et \u00e9changeons sur les solutions adapt\u00e9es \u00e0 vos besoins en agriculture et en travail du sol !<\/p><p>Pour plus d&rsquo;infos, contactez-nous !\u00a0<\/p><p>03.90.20.82.03 &#8211; <a href=\"https:\/\/www.guttler.fr\">www.guttler.fr<\/a><\/p><\/div>\n\t\t\t\t<\/div>\n\t\t\t\t\t\t\t<div class=\"elementor-toggle-item\">\n\t\t\t\t\t<div id=\"elementor-tab-title-1292\" class=\"elementor-tab-title\" data-tab=\"2\" role=\"button\" aria-controls=\"elementor-tab-content-1292\" aria-expanded=\"false\">\n\t\t\t\t\t\t\t\t\t\t\t\t<span class=\"elementor-toggle-icon elementor-toggle-icon-left\" aria-hidden=\"true\">\n\t\t\t\t\t\t\t\t\t\t\t\t\t\t\t<span class=\"elementor-toggle-icon-closed\"><i class=\"fas fa-angle-down\"><\/i><\/span>\n\t\t\t\t\t\t\t\t<span class=\"elementor-toggle-icon-opened\"><i class=\"elementor-toggle-icon-opened fas fa-angle-up\"><\/i><\/span>\n\t\t\t\t\t\t\t\t\t\t\t\t\t<\/span>\n\t\t\t\t\t\t\t\t\t\t\t\t<a class=\"elementor-toggle-title\" tabindex=\"0\">17.09. - 19.09.2025 SPACE, 35 Rennes (Parc-Expo)FR<\/a>\n\t\t\t\t\t<\/div>\n\n\t\t\t\t\t<div id=\"elementor-tab-content-1292\" class=\"elementor-tab-content elementor-clearfix\" data-tab=\"2\" role=\"region\" aria-labelledby=\"elementor-tab-title-1292\"><p><a href=\"https:\/\/www.space.fr\/fr\">SPACE &#8211; Salon international de l&rsquo;\u00e9levage<\/a><\/p><p>Info: Monsieur Tonglet +33\u00a0 03 90 20 82 03<\/p><\/div>\n\t\t\t\t<\/div>\n\t\t\t\t\t\t\t<div class=\"elementor-toggle-item\">\n\t\t\t\t\t<div id=\"elementor-tab-title-1293\" class=\"elementor-tab-title\" data-tab=\"3\" role=\"button\" aria-controls=\"elementor-tab-content-1293\" aria-expanded=\"false\">\n\t\t\t\t\t\t\t\t\t\t\t\t<span class=\"elementor-toggle-icon elementor-toggle-icon-left\" aria-hidden=\"true\">\n\t\t\t\t\t\t\t\t\t\t\t\t\t\t\t<span class=\"elementor-toggle-icon-closed\"><i class=\"fas fa-angle-down\"><\/i><\/span>\n\t\t\t\t\t\t\t\t<span class=\"elementor-toggle-icon-opened\"><i class=\"elementor-toggle-icon-opened fas fa-angle-up\"><\/i><\/span>\n\t\t\t\t\t\t\t\t\t\t\t\t\t<\/span>\n\t\t\t\t\t\t\t\t\t\t\t\t<a class=\"elementor-toggle-title\" tabindex=\"0\">24.09. - 25.09.2025 Tech&amp;Bio, Bourg-l\u00e8s-Valence 26 Dr\u00f4me FR<\/a>\n\t\t\t\t\t<\/div>\n\n\t\t\t\t\t<div id=\"elementor-tab-content-1293\" class=\"elementor-tab-content elementor-clearfix\" data-tab=\"3\" role=\"region\" aria-labelledby=\"elementor-tab-title-1293\"><p><a href=\"https:\/\/tech-n-bio.com\/\">Tech&amp;Bio &#8211; D\u00e9couvrez le Salon Agricole International Tech&amp;Bio<\/a><\/p><p>Info: Monsieur Tonglet +33\u00a0 03 90 20 82 03<\/p><\/div>\n\t\t\t\t<\/div>\n\t\t\t\t\t\t\t<div class=\"elementor-toggle-item\">\n\t\t\t\t\t<div id=\"elementor-tab-title-1294\" class=\"elementor-tab-title\" data-tab=\"4\" role=\"button\" aria-controls=\"elementor-tab-content-1294\" aria-expanded=\"false\">\n\t\t\t\t\t\t\t\t\t\t\t\t<span class=\"elementor-toggle-icon elementor-toggle-icon-left\" aria-hidden=\"true\">\n\t\t\t\t\t\t\t\t\t\t\t\t\t\t\t<span class=\"elementor-toggle-icon-closed\"><i class=\"fas fa-angle-down\"><\/i><\/span>\n\t\t\t\t\t\t\t\t<span class=\"elementor-toggle-icon-opened\"><i class=\"elementor-toggle-icon-opened fas fa-angle-up\"><\/i><\/span>\n\t\t\t\t\t\t\t\t\t\t\t\t\t<\/span>\n\t\t\t\t\t\t\t\t\t\t\t\t<a class=\"elementor-toggle-title\" tabindex=\"0\">07.10. - 10.10.2025 SOMMET DE L ELEVAGE, Clermont-Ferrand FR<\/a>\n\t\t\t\t\t<\/div>\n\n\t\t\t\t\t<div id=\"elementor-tab-content-1294\" class=\"elementor-tab-content elementor-clearfix\" data-tab=\"4\" role=\"region\" aria-labelledby=\"elementor-tab-title-1294\"><p><a href=\"https:\/\/www.sommet-elevage.fr\/fr\">Sommet de l&rsquo;\u00c9levage &#8211; 1er salon mondial de l&rsquo;\u00e9levage durable<\/a><\/p><p>Info: Monsieur Tonglet +33\u00a0 03 90 20 82 03<\/p><\/div>\n\t\t\t\t<\/div>\n\t\t\t\t\t\t\t<div class=\"elementor-toggle-item\">\n\t\t\t\t\t<div id=\"elementor-tab-title-1295\" class=\"elementor-tab-title\" data-tab=\"5\" role=\"button\" aria-controls=\"elementor-tab-content-1295\" aria-expanded=\"false\">\n\t\t\t\t\t\t\t\t\t\t\t\t<span class=\"elementor-toggle-icon elementor-toggle-icon-left\" aria-hidden=\"true\">\n\t\t\t\t\t\t\t\t\t\t\t\t\t\t\t<span class=\"elementor-toggle-icon-closed\"><i class=\"fas fa-angle-down\"><\/i><\/span>\n\t\t\t\t\t\t\t\t<span class=\"elementor-toggle-icon-opened\"><i class=\"elementor-toggle-icon-opened fas fa-angle-up\"><\/i><\/span>\n\t\t\t\t\t\t\t\t\t\t\t\t\t<\/span>\n\t\t\t\t\t\t\t\t\t\t\t\t<a class=\"elementor-toggle-title\" tabindex=\"0\">25.10. - 26.10.2025 VI-TEC<\/a>\n\t\t\t\t\t<\/div>\n\n\t\t\t\t\t<div id=\"elementor-tab-content-1295\" class=\"elementor-tab-content elementor-clearfix\" data-tab=\"5\" role=\"region\" aria-labelledby=\"elementor-tab-title-1295\"><p>Info: Monsieur Tonglet +33\u00a0 03 90 20 82 03<\/p><\/div>\n\t\t\t\t<\/div>\n\t\t\t\t\t\t\t\t<\/div>\n\t\t\t\t\t\t<\/div>\n\t\t\t\t<\/div>\n\t\t\t\t\t<\/div>\n\t\t\t\t<\/div>\n\t\t\t\t<\/div>\n\t\t","protected":false},"excerpt":{"rendered":"<p><span class=\"excerpt-hellip\"> [\u2026]<\/span><\/p>\n","protected":false},"author":1,"featured_media":0,"parent":0,"menu_order":0,"comment_status":"closed","ping_status":"closed","template":"","meta":{"footnotes":""},"class_list":["post-13196","page","type-page","status-publish","hentry"],"_links":{"self":[{"href":"https:\/\/guttler.org\/fr\/wp-json\/wp\/v2\/pages\/13196","targetHints":{"allow":["GET"]}}],"collection":[{"href":"https:\/\/guttler.org\/fr\/wp-json\/wp\/v2\/pages"}],"about":[{"href":"https:\/\/guttler.org\/fr\/wp-json\/wp\/v2\/types\/page"}],"author":[{"embeddable":true,"href":"https:\/\/guttler.org\/fr\/wp-json\/wp\/v2\/users\/1"}],"replies":[{"embeddable":true,"href":"https:\/\/guttler.org\/fr\/wp-json\/wp\/v2\/comments?post=13196"}],"version-history":[{"count":10,"href":"https:\/\/guttler.org\/fr\/wp-json\/wp\/v2\/pages\/13196\/revisions"}],"predecessor-version":[{"id":30688,"href":"https:\/\/guttler.org\/fr\/wp-json\/wp\/v2\/pages\/13196\/revisions\/30688"}],"wp:attachment":[{"href":"https:\/\/guttler.org\/fr\/wp-json\/wp\/v2\/media?parent=13196"}],"curies":[{"name":"wp","href":"https:\/\/api.w.org\/{rel}","templated":true}]}}