{"id":13155,"date":"2021-07-26T10:29:36","date_gmt":"2021-07-26T08:29:36","guid":{"rendered":"https:\/\/guttler.org\/mentions-legales\/"},"modified":"2025-03-20T12:06:25","modified_gmt":"2025-03-20T11:06:25","slug":"mentions-legales","status":"publish","type":"page","link":"https:\/\/guttler.org\/fr\/mentions-legales\/","title":{"rendered":"Mentions l\u00e9gales"},"content":{"rendered":"\t\t<div data-elementor-type=\"wp-page\" data-elementor-id=\"13155\" class=\"elementor elementor-13155 elementor-2562\" data-elementor-post-type=\"page\">\n\t\t\t\t<div class=\"elementor-element elementor-element-397c376 e-flex e-con-boxed e-con e-parent\" data-id=\"397c376\" data-element_type=\"container\">\n\t\t\t\t\t<div class=\"e-con-inner\">\n\t\t\t\t<div class=\"elementor-element elementor-element-db54ec4 elementor-widget elementor-widget-text-editor\" data-id=\"db54ec4\" data-element_type=\"widget\" data-widget_type=\"text-editor.default\">\n\t\t\t\t<div class=\"elementor-widget-container\">\n\t\t\t\t\t\t\t\t\t<h4><strong>Mentions l\u00e9gales<\/strong><\/h4>\n<p>G\u00fcttler GmbH<br \/>10, rue Karl Arnold<br \/>73230 Kirchheim\/Teck<\/p>\n<p>Registre du commerce : HRB 230519<br \/>Tribunal d&rsquo;enregistrement : Tribunal d&rsquo;enregistrement : Kirchheim-Teck<\/p>\n<p><strong>Repr\u00e9sent\u00e9 par :<\/strong><br \/>Hans G\u00fcttler, Tobias Wachtstetter<\/p>\n<h4><strong>Contact<\/strong><\/h4>\n<p>T\u00e9l\u00e9phone : +49 (0)7021 98570<br \/>E-mail : muriel.matagne[at]guettler.de<\/p>\n<h4><strong>Num\u00e9ro d&rsquo;identification de la taxe sur le chiffre d&rsquo;affaires<\/strong><\/h4>\n<p>Num\u00e9ro d&rsquo;identification de la taxe sur le chiffre d&rsquo;affaires conform\u00e9ment au \u00a7 27 a de la loi sur la taxe sur le chiffre d&rsquo;affaires :<br \/>FR 1459 15698<\/p>\n<h4><strong>R\u00e8glement des litiges de l&rsquo;UE<\/strong><\/h4>\n<p>La Commission europ\u00e9enne met \u00e0 disposition une plateforme de r\u00e8glement en ligne des litiges (RLL) :<br \/><a href=\"https:\/\/ec.europa.eu\/consumers\/odr\/\" target=\"_blank\" rel=\"noopener\"><span style=\"color: #0000ff\">https:\/\/ec.europa.eu\/consumers\/odr\/<\/span><\/a>.<br \/>Vous trouverez notre adresse \u00e9lectronique dans les mentions l\u00e9gales ci-dessus.<\/p>\n<h4><strong>R\u00e8glement des litiges de consommation\/<\/strong><\/h4>\n<h4><strong>Organisme de conciliation universel<\/strong><\/h4>\n<p>Nous ne sommes pas dispos\u00e9s ou tenus de participer \u00e0 des proc\u00e9dures de r\u00e8glement des litiges devant un organisme de r\u00e8glement des litiges.<br \/>\u00e0 un organisme de conciliation des consommateurs.<\/p>\n\t\t\t\t\t\t\t\t<\/div>\n\t\t\t\t<\/div>\n\t\t\t\t\t<\/div>\n\t\t\t\t<\/div>\n\t\t\t\t<section class=\"elementor-section elementor-top-section elementor-element elementor-element-368edc0d elementor-section-content-middle elementor-section-stretched elementor-hidden-desktop elementor-hidden-tablet elementor-hidden-mobile elementor-section-boxed elementor-section-height-default elementor-section-height-default\" data-id=\"368edc0d\" data-element_type=\"section\" data-settings=\"{&quot;stretch_section&quot;:&quot;section-stretched&quot;,&quot;background_background&quot;:&quot;classic&quot;}\">\n\t\t\t\t\t\t<div class=\"elementor-container elementor-column-gap-no\">\n\t\t\t\t\t<div class=\"elementor-column elementor-col-100 elementor-top-column elementor-element elementor-element-219d9c9c\" data-id=\"219d9c9c\" data-element_type=\"column\">\n\t\t\t<div class=\"elementor-widget-wrap elementor-element-populated\">\n\t\t\t\t\t\t<div class=\"elementor-element elementor-element-51279ac1 elementor-hidden-tablet elementor-hidden-mobile elementor-widget elementor-widget-heading\" data-id=\"51279ac1\" data-element_type=\"widget\" data-widget_type=\"heading.default\">\n\t\t\t\t<div class=\"elementor-widget-container\">\n\t\t\t\t\t<h2 class=\"elementor-heading-title elementor-size-default\">Mentions l\u00e9gales<\/h2>\t\t\t\t<\/div>\n\t\t\t\t<\/div>\n\t\t\t\t<div class=\"elementor-element elementor-element-b712944 elementor-hidden-tablet elementor-hidden-mobile elementor-widget elementor-widget-heading\" data-id=\"b712944\" data-element_type=\"widget\" data-widget_type=\"heading.default\">\n\t\t\t\t<div class=\"elementor-widget-container\">\n\t\t\t\t\t<h5 class=\"elementor-heading-title elementor-size-default\">Informations selon \u00a7 5 TMG :  \n<\/h5>\t\t\t\t<\/div>\n\t\t\t\t<\/div>\n\t\t\t\t<section class=\"elementor-section elementor-inner-section elementor-element elementor-element-5a1e28be elementor-section-content-top elementor-section-boxed elementor-section-height-default elementor-section-height-default\" data-id=\"5a1e28be\" data-element_type=\"section\">\n\t\t\t\t\t\t<div class=\"elementor-container elementor-column-gap-no\">\n\t\t\t\t\t<div class=\"elementor-column elementor-col-50 elementor-inner-column elementor-element elementor-element-14b405a\" data-id=\"14b405a\" data-element_type=\"column\">\n\t\t\t<div class=\"elementor-widget-wrap elementor-element-populated\">\n\t\t\t\t\t\t<div class=\"elementor-element elementor-element-723df943 elementor-widget elementor-widget-text-editor\" data-id=\"723df943\" data-element_type=\"widget\" data-widget_type=\"text-editor.default\">\n\t\t\t\t<div class=\"elementor-widget-container\">\n\t\t\t\t\t\t\t\t\t<p>G\u00fcttler GmbH<br \/>10, rue Karl Arnold<br \/>73230 Kirchheim\/Teck<br \/>Allemagne<\/p>\n<p>Contact :<\/p>\n<p>T\u00e9l\u00e9phone +49 (0)7021 98570<br \/>Courrier \u00e9lectronique [at]<\/p>\n<p>Directeur g\u00e9n\u00e9ral: Hans G\u00fcttler, Tobias Wachtstetter<br \/>Si\u00e8ge de la soci\u00e9t\u00e9 : Kirchheim\/Teck<\/p>\n<p>Inscription au registre :<\/p>\n<p>Inscription au registre du commerce<br \/>Tribunal d&rsquo;enregistrement : Kirchheim-Teck<br \/>Num\u00e9ro d&rsquo;enregistrement : HRB 230519<\/p>\n\t\t\t\t\t\t\t\t<\/div>\n\t\t\t\t<\/div>\n\t\t\t\t\t<\/div>\n\t\t<\/div>\n\t\t\t\t<div class=\"elementor-column elementor-col-50 elementor-inner-column elementor-element elementor-element-14645519\" data-id=\"14645519\" data-element_type=\"column\">\n\t\t\t<div class=\"elementor-widget-wrap elementor-element-populated\">\n\t\t\t\t\t\t<div class=\"elementor-element elementor-element-109c7c6c elementor-widget elementor-widget-text-editor\" data-id=\"109c7c6c\" data-element_type=\"widget\" data-widget_type=\"text-editor.default\">\n\t\t\t\t<div class=\"elementor-widget-container\">\n\t\t\t\t\t\t\t\t\t<p>Num\u00e9ro de TVA intracommunautaire :<\/p>\n<p>Num\u00e9ro d&rsquo;identification de la taxe sur le chiffre d&rsquo;affaires conform\u00e9ment au \u00a727 a de la loi sur la taxe sur le chiffre d&rsquo;affaires : DE 1459 15698<\/p>\n<p>Responsable du contenu selon le \u00a7 55 al. 2 RStV : Hans G\u00fcttler, ing\u00e9nieur dipl\u00f4m\u00e9, dipl\u00f4m\u00e9 en \u00e9conomie<br \/>Copyright \u00a9 G\u00fcttler GmbH. Tous droits r\u00e9serv\u00e9s<\/p>\n<p>Remarque<\/p>\n<p>Dans nos vid\u00e9os, nous utilisons en partie de la musique gratuite de musicfox<\/p>\n\t\t\t\t\t\t\t\t<\/div>\n\t\t\t\t<\/div>\n\t\t\t\t\t<\/div>\n\t\t<\/div>\n\t\t\t\t\t<\/div>\n\t\t<\/section>\n\t\t\t\t\t<\/div>\n\t\t<\/div>\n\t\t\t\t\t<\/div>\n\t\t<\/section>\n\t\t\t\t<\/div>\n\t\t","protected":false},"excerpt":{"rendered":"<p><span class=\"excerpt-hellip\"> [\u2026]<\/span><\/p>\n","protected":false},"author":1,"featured_media":0,"parent":0,"menu_order":0,"comment_status":"closed","ping_status":"closed","template":"","meta":{"footnotes":""},"class_list":["post-13155","page","type-page","status-publish","hentry"],"_links":{"self":[{"href":"https:\/\/guttler.org\/fr\/wp-json\/wp\/v2\/pages\/13155","targetHints":{"allow":["GET"]}}],"collection":[{"href":"https:\/\/guttler.org\/fr\/wp-json\/wp\/v2\/pages"}],"about":[{"href":"https:\/\/guttler.org\/fr\/wp-json\/wp\/v2\/types\/page"}],"author":[{"embeddable":true,"href":"https:\/\/guttler.org\/fr\/wp-json\/wp\/v2\/users\/1"}],"replies":[{"embeddable":true,"href":"https:\/\/guttler.org\/fr\/wp-json\/wp\/v2\/comments?post=13155"}],"version-history":[{"count":3,"href":"https:\/\/guttler.org\/fr\/wp-json\/wp\/v2\/pages\/13155\/revisions"}],"predecessor-version":[{"id":29539,"href":"https:\/\/guttler.org\/fr\/wp-json\/wp\/v2\/pages\/13155\/revisions\/29539"}],"wp:attachment":[{"href":"https:\/\/guttler.org\/fr\/wp-json\/wp\/v2\/media?parent=13155"}],"curies":[{"name":"wp","href":"https:\/\/api.w.org\/{rel}","templated":true}]}}